{"id":9,"date":"2016-09-12T21:55:50","date_gmt":"2016-09-12T19:55:50","guid":{"rendered":"http:\/\/www.api-colomiers.com\/jeanmace\/?page_id=9"},"modified":"2016-11-07T22:10:01","modified_gmt":"2016-11-07T21:10:01","slug":"vos-delegues-2016-2017","status":"publish","type":"page","link":"https:\/\/www.api-colomiers.com\/jeanmace\/vos-delegues-2016-2017\/","title":{"rendered":"Vos d\u00e9l\u00e9gu\u00e9s 2016-2017"},"content":{"rendered":"<p>L&rsquo;\u00e9quipe API de l&rsquo;\u00e9cole maternelle Jean Mac\u00e9 est compos\u00e9e :<\/p>\n<p><img loading=\"lazy\" decoding=\"async\" class=\"wp-image-61 aligncenter\" src=\"http:\/\/www.api-colomiers.com\/jeanmace\/wp-content\/uploads\/2016\/09\/Equipe_API-4-1-300x109.png\" alt=\"equipe_api-4-1\" width=\"462\" height=\"168\" srcset=\"https:\/\/www.api-colomiers.com\/jeanmace\/wp-content\/uploads\/2016\/09\/Equipe_API-4-1-300x109.png 300w, https:\/\/www.api-colomiers.com\/jeanmace\/wp-content\/uploads\/2016\/09\/Equipe_API-4-1.png 662w\" sizes=\"(max-width: 462px) 100vw, 462px\" \/><\/p>\n<p>&nbsp;<\/p>\n<p><img loading=\"lazy\" decoding=\"async\" class=\"wp-image-62 aligncenter\" src=\"http:\/\/www.api-colomiers.com\/jeanmace\/wp-content\/uploads\/2016\/09\/Equipe_API-4-2-300x109.png\" alt=\"equipe_api-4-2\" width=\"447\" height=\"162\" srcset=\"https:\/\/www.api-colomiers.com\/jeanmace\/wp-content\/uploads\/2016\/09\/Equipe_API-4-2-300x109.png 300w, https:\/\/www.api-colomiers.com\/jeanmace\/wp-content\/uploads\/2016\/09\/Equipe_API-4-2.png 662w\" sizes=\"(max-width: 447px) 100vw, 447px\" \/><\/p>\n<p>&nbsp;<\/p>\n","protected":false},"excerpt":{"rendered":"<p>L&rsquo;\u00e9quipe API de l&rsquo;\u00e9cole maternelle Jean Mac\u00e9 est compos\u00e9e : &nbsp; &nbsp;<\/p>\n","protected":false},"author":1,"featured_media":0,"parent":0,"menu_order":0,"comment_status":"closed","ping_status":"closed","template":"","meta":{"footnotes":""},"class_list":["post-9","page","type-page","status-publish","hentry"],"_links":{"self":[{"href":"https:\/\/www.api-colomiers.com\/jeanmace\/wp-json\/wp\/v2\/pages\/9"}],"collection":[{"href":"https:\/\/www.api-colomiers.com\/jeanmace\/wp-json\/wp\/v2\/pages"}],"about":[{"href":"https:\/\/www.api-colomiers.com\/jeanmace\/wp-json\/wp\/v2\/types\/page"}],"author":[{"embeddable":true,"href":"https:\/\/www.api-colomiers.com\/jeanmace\/wp-json\/wp\/v2\/users\/1"}],"replies":[{"embeddable":true,"href":"https:\/\/www.api-colomiers.com\/jeanmace\/wp-json\/wp\/v2\/comments?post=9"}],"version-history":[{"count":0,"href":"https:\/\/www.api-colomiers.com\/jeanmace\/wp-json\/wp\/v2\/pages\/9\/revisions"}],"wp:attachment":[{"href":"https:\/\/www.api-colomiers.com\/jeanmace\/wp-json\/wp\/v2\/media?parent=9"}],"curies":[{"name":"wp","href":"https:\/\/api.w.org\/{rel}","templated":true}]}}