{"id":6,"date":"2016-09-12T21:54:19","date_gmt":"2016-09-12T19:54:19","guid":{"rendered":"http:\/\/www.api-colomiers.com\/jeanmace\/?page_id=6"},"modified":"2016-11-07T21:48:42","modified_gmt":"2016-11-07T20:48:42","slug":"lequipe-api","status":"publish","type":"page","link":"https:\/\/www.api-colomiers.com\/jeanmace\/lequipe-api\/","title":{"rendered":"L&rsquo;\u00e9quipe API"},"content":{"rendered":"<p>Nous sommes membres de l\u2019Association de Parents d\u2019\u00e9l\u00e8ves Ind\u00e9pendants de Colomiers. Il s\u2019agit de groupes de b\u00e9n\u00e9voles, apolitiques et sans hi\u00e9rarchie, pr\u00e9sents dans les diff\u00e9rents groupes scolaires de la ville.<\/p>\n<p>Notre fonctionnement est paritaire et coll\u00e9gial. Chacun donne son avis, et offre son temps dans la mesure de ses moyens. Notre ambition est de faire entendre la voix des parents d\u2019\u00e9l\u00e8ves de l\u2019\u00e9cole, de leur transmettre des informations les concernant, et de contribuer \u00e0 am\u00e9liorer les conditions d\u2019accueil et d\u2019apprentissage des enfants dans l\u2019\u00e9cole.<\/p>\n<p><strong>Notre r\u00f4le<\/strong><br \/>\nNous intervenons au sein des 3 conseils d\u2019\u00e9cole annuels, ainsi que dans les r\u00e9unions organis\u00e9es par la mairie.<br \/>\nNous assistons aussi aux pl\u00e9ni\u00e8res de l\u2019\u00e9ducation et dans les commissions de d\u00e9rogation.<br \/>\nNous travaillons en collaboration \u00e9troite avec tous les acteurs de la vie scolaire des enfants : directrices et enseignant(e)s, ATSEM, ALAE, \u00e9quipes d\u2019entretien et de cantine, services municipaux\u2026<\/p>\n<p><strong>Nos r\u00e9alisations<\/strong><br \/>\n\u2013 Nous allons cr\u00e9er les caf\u00e9-parents. Ces moments de discussion \u00e0 la sortie de l\u2019\u00e9cole auront lieu plusieurs fois dans l\u2019ann\u00e9e. C\u2019est l\u2019occasion d\u2019\u00e9changer, \u00e9couter, recueillir id\u00e9es ou sentiments.<br \/>\n\u2013 Notre site internet est destin\u00e9 \u00e0 rendre disponibles en temps r\u00e9el les informations concernant l\u2019\u00e9cole.<br \/>\n\u2013 Nous initions aussi des actions pour alimenter la coop\u00e9rative scolaire (vente de g\u00e2teaux au march\u00e9, , vente directe de chocolats d\u2019un artisan colum\u00e9rin \u00e0 No\u00ebl)\u00a0et permettre aux classes de financer des animations et des sorties.<\/p>\n<p>\u2013 Nous sommes connect\u00e9s aux \u00e9quipes des \u00e9coles de la ville, pour \u00e9changer sur les probl\u00e9matiques communes, mutualiser les bonnes id\u00e9es et b\u00e9n\u00e9ficier du retour d\u2019exp\u00e9rience de chacun (voir site API-Colomiers).<\/p>\n<p><strong>Notre avenir : \u00e9crivons-le ensemble !<\/strong><br \/>\nNous accueillons dans l\u2019association tous les parents qui s\u2019int\u00e9ressent \u00e0 la vie de l\u2019\u00e9cole. Notre \u00e9quipe est conviviale et ouverte, elle doit se renouveler de fa\u00e7on permanente. <strong>Chacun donne de son temps en fonction de sa disponibilit\u00e9<\/strong>. N\u2019h\u00e9sitez pas \u00e0 nous rejoindre !<\/p>\n","protected":false},"excerpt":{"rendered":"<p>Nous sommes membres de l\u2019Association de Parents d\u2019\u00e9l\u00e8ves Ind\u00e9pendants de Colomiers. Il s\u2019agit de groupes de b\u00e9n\u00e9voles, apolitiques et sans hi\u00e9rarchie, pr\u00e9sents dans les diff\u00e9rents groupes scolaires de la ville. Notre fonctionnement est paritaire et coll\u00e9gial. Chacun donne son avis,<\/p>\n","protected":false},"author":1,"featured_media":0,"parent":0,"menu_order":0,"comment_status":"closed","ping_status":"closed","template":"","meta":{"footnotes":""},"class_list":["post-6","page","type-page","status-publish","hentry"],"_links":{"self":[{"href":"https:\/\/www.api-colomiers.com\/jeanmace\/wp-json\/wp\/v2\/pages\/6"}],"collection":[{"href":"https:\/\/www.api-colomiers.com\/jeanmace\/wp-json\/wp\/v2\/pages"}],"about":[{"href":"https:\/\/www.api-colomiers.com\/jeanmace\/wp-json\/wp\/v2\/types\/page"}],"author":[{"embeddable":true,"href":"https:\/\/www.api-colomiers.com\/jeanmace\/wp-json\/wp\/v2\/users\/1"}],"replies":[{"embeddable":true,"href":"https:\/\/www.api-colomiers.com\/jeanmace\/wp-json\/wp\/v2\/comments?post=6"}],"version-history":[{"count":0,"href":"https:\/\/www.api-colomiers.com\/jeanmace\/wp-json\/wp\/v2\/pages\/6\/revisions"}],"wp:attachment":[{"href":"https:\/\/www.api-colomiers.com\/jeanmace\/wp-json\/wp\/v2\/media?parent=6"}],"curies":[{"name":"wp","href":"https:\/\/api.w.org\/{rel}","templated":true}]}}