{"id":41,"date":"2016-11-01T22:54:01","date_gmt":"2016-11-01T21:54:01","guid":{"rendered":"http:\/\/www.api-colomiers.com\/jeanmace\/?page_id=41"},"modified":"2016-11-01T22:54:01","modified_gmt":"2016-11-01T21:54:01","slug":"coordonnees-et-horaires","status":"publish","type":"page","link":"https:\/\/www.api-colomiers.com\/jeanmace\/coordonnees-et-horaires\/","title":{"rendered":"Coordonn\u00e9es et horaires"},"content":{"rendered":"<p><em><strong>CENTRE DE LOISIRS DU CABIROL (maternelle)<\/strong><\/em><\/p>\n<p>T\u00e9l\u00e9phone : 05 61 15 31 55\u00a0\u00a0\u00a0\u00a0\u00a0\u00a0\u00a0\u00a0\u00a0\u00a0\u00a0\u00a0\u00a0\u00a0\u00a0\u00a0\u00a0\u00a0\u00a0 Adresse :\u00a02 all\u00e9e des Alpilles<\/p>\n<p>&nbsp;<\/p>\n<p><em><strong>Direction Enfance Education Famille et Sports<\/strong><\/em><\/p>\n<p>T\u00e9l\u00e9phone : \u00a005 61 15 24 35\u00a0\u00a0\u00a0\u00a0\u00a0\u00a0\u00a0\u00a0\u00a0\u00a0\u00a0\u00a0\u00a0\u00a0\u00a0\u00a0 Mail : <a href=\"mailto:accueil.deefs@mairie-colomiers.fr\">accueil.deefs@mairie-colomiers.fr<\/a><\/p>\n<p><em>Horaires d\u2019accueil du public :<\/em><\/p>\n<p>Lundi, mercredi, jeudi : 8h30 \u00e0 17h<\/p>\n<p>Mardi : 8h30 \u00e0 19h<\/p>\n<p>Vendredi : 8h30 \u00e0 14h<\/p>\n","protected":false},"excerpt":{"rendered":"<p>CENTRE DE LOISIRS DU CABIROL (maternelle) T\u00e9l\u00e9phone : 05 61 15 31 55\u00a0\u00a0\u00a0\u00a0\u00a0\u00a0\u00a0\u00a0\u00a0\u00a0\u00a0\u00a0\u00a0\u00a0\u00a0\u00a0\u00a0\u00a0\u00a0 Adresse :\u00a02 all\u00e9e des Alpilles &nbsp; Direction Enfance Education Famille et Sports T\u00e9l\u00e9phone : \u00a005 61 15 24 35\u00a0\u00a0\u00a0\u00a0\u00a0\u00a0\u00a0\u00a0\u00a0\u00a0\u00a0\u00a0\u00a0\u00a0\u00a0\u00a0 Mail : accueil.deefs@mairie-colomiers.fr Horaires d\u2019accueil du public :<\/p>\n","protected":false},"author":5,"featured_media":0,"parent":0,"menu_order":0,"comment_status":"closed","ping_status":"closed","template":"","meta":{"footnotes":""},"class_list":["post-41","page","type-page","status-publish","hentry"],"_links":{"self":[{"href":"https:\/\/www.api-colomiers.com\/jeanmace\/wp-json\/wp\/v2\/pages\/41"}],"collection":[{"href":"https:\/\/www.api-colomiers.com\/jeanmace\/wp-json\/wp\/v2\/pages"}],"about":[{"href":"https:\/\/www.api-colomiers.com\/jeanmace\/wp-json\/wp\/v2\/types\/page"}],"author":[{"embeddable":true,"href":"https:\/\/www.api-colomiers.com\/jeanmace\/wp-json\/wp\/v2\/users\/5"}],"replies":[{"embeddable":true,"href":"https:\/\/www.api-colomiers.com\/jeanmace\/wp-json\/wp\/v2\/comments?post=41"}],"version-history":[{"count":0,"href":"https:\/\/www.api-colomiers.com\/jeanmace\/wp-json\/wp\/v2\/pages\/41\/revisions"}],"wp:attachment":[{"href":"https:\/\/www.api-colomiers.com\/jeanmace\/wp-json\/wp\/v2\/media?parent=41"}],"curies":[{"name":"wp","href":"https:\/\/api.w.org\/{rel}","templated":true}]}}