{"id":33,"date":"2016-11-01T22:32:21","date_gmt":"2016-11-01T21:32:21","guid":{"rendered":"http:\/\/www.api-colomiers.com\/jeanmace\/?page_id=33"},"modified":"2016-11-03T21:37:00","modified_gmt":"2016-11-03T20:37:00","slug":"contactez-nous","status":"publish","type":"page","link":"https:\/\/www.api-colomiers.com\/jeanmace\/contactez-nous\/","title":{"rendered":"Contactez Nous"},"content":{"rendered":"<blockquote><p>Vous souhaitez contacter les membres de l&rsquo;API de Jean Mac\u00e9 pour une demande ou partager une information n&rsquo;h\u00e9sitez pas \u00e0 compl\u00e9tez le formulaire ci dessous.<\/p><\/blockquote>\n<p>[contact-form-7 id=\u00a0\u00bb34&Prime; title=\u00a0\u00bbFormulaire de contact 1&Prime;]<\/p>\n","protected":false},"excerpt":{"rendered":"<p>Vous souhaitez contacter les membres de l&rsquo;API de Jean Mac\u00e9 pour une demande ou partager une information n&rsquo;h\u00e9sitez pas \u00e0 compl\u00e9tez le formulaire ci dessous. [contact-form-7 id=\u00a0\u00bb34&Prime; title=\u00a0\u00bbFormulaire de contact 1&Prime;]<\/p>\n","protected":false},"author":5,"featured_media":0,"parent":0,"menu_order":0,"comment_status":"closed","ping_status":"closed","template":"","meta":{"footnotes":""},"class_list":["post-33","page","type-page","status-publish","hentry"],"_links":{"self":[{"href":"https:\/\/www.api-colomiers.com\/jeanmace\/wp-json\/wp\/v2\/pages\/33"}],"collection":[{"href":"https:\/\/www.api-colomiers.com\/jeanmace\/wp-json\/wp\/v2\/pages"}],"about":[{"href":"https:\/\/www.api-colomiers.com\/jeanmace\/wp-json\/wp\/v2\/types\/page"}],"author":[{"embeddable":true,"href":"https:\/\/www.api-colomiers.com\/jeanmace\/wp-json\/wp\/v2\/users\/5"}],"replies":[{"embeddable":true,"href":"https:\/\/www.api-colomiers.com\/jeanmace\/wp-json\/wp\/v2\/comments?post=33"}],"version-history":[{"count":0,"href":"https:\/\/www.api-colomiers.com\/jeanmace\/wp-json\/wp\/v2\/pages\/33\/revisions"}],"wp:attachment":[{"href":"https:\/\/www.api-colomiers.com\/jeanmace\/wp-json\/wp\/v2\/media?parent=33"}],"curies":[{"name":"wp","href":"https:\/\/api.w.org\/{rel}","templated":true}]}}