{"id":71,"date":"2015-03-27T20:48:53","date_gmt":"2015-03-27T20:48:53","guid":{"rendered":"http:\/\/api-colomiers.com\/heleneboucher\/?page_id=71"},"modified":"2017-11-06T10:48:06","modified_gmt":"2017-11-06T08:48:06","slug":"qui-sommes-nous","status":"publish","type":"page","link":"https:\/\/www.api-colomiers.com\/heleneboucher\/qui-sommes-nous\/","title":{"rendered":"L&rsquo;\u00e9quipe API"},"content":{"rendered":"<p style=\"text-align: justify;\">Nous sommes membres de l&rsquo;Association de Parents d&rsquo;\u00e9l\u00e8ves Ind\u00e9pendants de Colomiers. Il s&rsquo;agit de groupes de b\u00e9n\u00e9voles, apolitiques et sans hi\u00e9rarchie, pr\u00e9sents dans les diff\u00e9rents groupes scolaires de la ville.<br \/>\nA H\u00e9l\u00e8ne-Boucher, depuis plusieurs ann\u00e9es, les parents nous renouvellent leur confiance aux \u00e9lections de d\u00e9l\u00e9gu\u00e9s des PE. Cette ann\u00e9e, nous sommes la seule \u00e9quipe de repr\u00e9sentants de parents d&rsquo;\u00e9l\u00e8ves, avec 6 d\u00e9l\u00e9gu\u00e9s en maternelle, et 14 en \u00e9l\u00e9mentaire.<\/p>\n<p style=\"text-align: justify;\">Notre fonctionnement est paritaire et coll\u00e9gial. Chacun donne son avis, et offre son temps dans la mesure de ses moyens. Notre ambition est de faire entendre la voix des parents d&rsquo;\u00e9l\u00e8ves de l&rsquo;\u00e9cole, de leur transmettre des informations les concernant, et de contribuer \u00e0 am\u00e9liorer les conditions d&rsquo;accueil et d&rsquo;apprentissage des enfants dans l&rsquo;\u00e9cole.<\/p>\n<p style=\"text-align: justify;\"><span style=\"color: #339966;\"><strong>Notre r\u00f4le<\/strong><\/span><br \/>\nNous intervenons au sein des 3 conseils d&rsquo;\u00e9cole annuels, ainsi que dans les r\u00e9unions organis\u00e9es par la mairie.<br \/>\nNous provoquons aussi des r\u00e9unions, par exemple sur la s\u00e9curit\u00e9 des abords du groupe scolaire (mise en place des but\u00e9es pour limiter l&#8217;emprise des voitures sur les trottoirs et de potelets pour s\u00e9curiser les trottoirs), la politique scolaire (nous avons d\u00e9plor\u00e9 la r\u00e9duction du nombre d&rsquo;ATSEM, l&rsquo;abandon de la dotation transport, et la r\u00e9duction des \u00e9quipes d&rsquo;entretien, nous participons au d\u00e9bat sur les rythmes scolaires pour la prochaine rentr\u00e9e), les r\u00e9sultats de l&rsquo;audit sur le patrimoine scolaire (nous restons vigilants sur le calendrier de r\u00e9novation du groupe scolaire, dont la date est repouss\u00e9e sans cesse)&#8230;<\/p>\n<p style=\"text-align: justify;\">Nous intervenons aussi aux pl\u00e9ni\u00e8res de l&rsquo;\u00e9ducation, dans les commissions de travail autour du PEDT et dans les commissions de d\u00e9rogation.<br \/>\nNous travaillons en collaboration \u00e9troite avec tous les acteurs de la vie scolaire des enfants : directrices et enseignant(e)s, ATSEM, ALAE, \u00e9quipes d&rsquo;entretien et de cantine, services municipaux\u2026<\/p>\n<p style=\"text-align: justify;\"><span style=\"color: #339966;\"><strong>Nos r\u00e9alisations<\/strong><\/span><br \/>\n&#8211; Nous r\u00e9digeons des compte-rendus des r\u00e9unions o\u00f9 nous vous repr\u00e9sentons. Ces lettres d&rsquo;information sont distribu\u00e9es dans les cahiers des enfants.<br \/>\n&#8211; Nous avons cr\u00e9\u00e9 les caf\u00e9-parents. Ces moments de discussion \u00e0 la sortie de l&rsquo;\u00e9cole ont lieu plusieurs fois dans l&rsquo;ann\u00e9e. C&rsquo;est l&rsquo;occasion d&rsquo;\u00e9changer, \u00e9couter, recueillir id\u00e9es ou sentiments.<br \/>\n&#8211; Notre site internet est destin\u00e9 \u00e0 rendre disponibles en temps r\u00e9el les informations concernant l&rsquo;\u00e9cole.<br \/>\n&#8211; Nous initions aussi des actions pour alimenter la coop\u00e9rative scolaire, et permettre aux classes de financer des animations et des sorties, sans recourir \u00e0 la participation des familles. Nous essayons d&rsquo;externaliser au maximum ces apports (vente de g\u00e2teaux au march\u00e9, vide-grenier), et d&rsquo;\u00e9viter tout interm\u00e9diaire qui transforme l&rsquo;\u00e9cole en cible marketing (vente directe de chocolats d&rsquo;un artisan colum\u00e9rin \u00e0 No\u00ebl).<\/p>\n<p style=\"text-align: justify;\">&#8211; Nous sommes connect\u00e9s aux \u00e9quipes des \u00e9coles de la ville, pour \u00e9changer sur les probl\u00e9matiques communes, mutualiser les bonnes id\u00e9es et b\u00e9n\u00e9ficier du retour d&rsquo;exp\u00e9rience de chacun (voir site API-Colomiers).<\/p>\n<p style=\"text-align: justify;\"><span style=\"color: #339966;\"><strong>Notre avenir : \u00e9crivons-le ensemble !<\/strong><\/span><br \/>\nNous accueillons dans l&rsquo;association tous les parents qui s&rsquo;int\u00e9ressent \u00e0 la vie de l&rsquo;\u00e9cole. Notre \u00e9quipe est conviviale et ouverte, elle doit se renouveler de fa\u00e7on permanente. <strong>Chacun donne de son temps en fonction de sa disponibilit\u00e9<\/strong>. N&rsquo;h\u00e9sitez pas \u00e0 nous rejoindre !<\/p>\n<p style=\"text-align: justify;\">Pour voir l&rsquo;\u00e9quipe API, c&rsquo;est par<a href=\"http:\/\/api-colomiers.com\/heleneboucher\/?page_id=7\"> ici <\/a>!<\/p>\n","protected":false},"excerpt":{"rendered":"<p>Nous sommes membres de l&rsquo;Association de Parents d&rsquo;\u00e9l\u00e8ves Ind\u00e9pendants de Colomiers. Il s&rsquo;agit de groupes de b\u00e9n\u00e9voles, apolitiques et sans hi\u00e9rarchie, pr\u00e9sents dans les diff\u00e9rents groupes scolaires de la ville. A H\u00e9l\u00e8ne-Boucher, depuis plusieurs ann\u00e9es, les parents nous renouvellent leur<\/p>\n","protected":false},"author":2,"featured_media":0,"parent":0,"menu_order":0,"comment_status":"closed","ping_status":"closed","template":"","meta":{"footnotes":""},"class_list":["post-71","page","type-page","status-publish","hentry"],"_links":{"self":[{"href":"https:\/\/www.api-colomiers.com\/heleneboucher\/wp-json\/wp\/v2\/pages\/71","targetHints":{"allow":["GET"]}}],"collection":[{"href":"https:\/\/www.api-colomiers.com\/heleneboucher\/wp-json\/wp\/v2\/pages"}],"about":[{"href":"https:\/\/www.api-colomiers.com\/heleneboucher\/wp-json\/wp\/v2\/types\/page"}],"author":[{"embeddable":true,"href":"https:\/\/www.api-colomiers.com\/heleneboucher\/wp-json\/wp\/v2\/users\/2"}],"replies":[{"embeddable":true,"href":"https:\/\/www.api-colomiers.com\/heleneboucher\/wp-json\/wp\/v2\/comments?post=71"}],"version-history":[{"count":0,"href":"https:\/\/www.api-colomiers.com\/heleneboucher\/wp-json\/wp\/v2\/pages\/71\/revisions"}],"wp:attachment":[{"href":"https:\/\/www.api-colomiers.com\/heleneboucher\/wp-json\/wp\/v2\/media?parent=71"}],"curies":[{"name":"wp","href":"https:\/\/api.w.org\/{rel}","templated":true}]}}