{"id":55,"date":"2015-03-27T20:25:50","date_gmt":"2015-03-27T20:25:50","guid":{"rendered":"http:\/\/api-colomiers.com\/heleneboucher\/?page_id=55"},"modified":"2024-10-18T09:24:59","modified_gmt":"2024-10-18T07:24:59","slug":"elementaire","status":"publish","type":"page","link":"https:\/\/www.api-colomiers.com\/heleneboucher\/elementaire\/","title":{"rendered":"Coordonn\u00e9es et infos \u00e9l\u00e9mentaire"},"content":{"rendered":"<p><strong><span style=\"color: #339966;\">ECOLE<\/span><\/strong><\/p>\n<ul>\n<li><span style=\"text-decoration: underline;\">T\u00e9l\u00e9phone :<\/span>\u00a0 05 61 63 50 49 \u00a0\u00a0\u00a0\u00a0\u00a0\u00a0\u00a0 <span style=\"text-decoration: underline;\">Mail :<\/span> ce.0310432b@ac-toulouse.fr \u00a0\u00a0\u00a0 <span style=\"text-decoration: underline;\">Adresse :<\/span><strong>\u00a0\u00a0<\/strong>10 chemin des Carri\u00e8res<strong>,<\/strong> 31 770 Colomiers<\/li>\n<li><span style=\"text-decoration: underline;\">Directrice :<\/span>\u00a0 Mme PETITPREZ<\/li>\n<li><span style=\"text-decoration: underline;\">Horaires \u00e9cole :<\/span>\n<ul>\n<li>Lundi, mardi, jeudi et vendredi: 8h30-11h30 et 13h45-16h00 &#8211; <span style=\"color: #ff0000;\">Les portails sont ouverts 10 minutes avant la sonnerie ; les enfants doivent \u00eatre entr\u00e9s dans la cour avant 8h30 le matin et avant 13h45 en d\u00e9but d&rsquo;apr\u00e8s-midi<\/span><\/li>\n<li>Mercredi: 8h30-11h30<\/li>\n<li>L&rsquo;entr\u00e9e se fait par le portail de la cour, chemin de Millassis.<\/li>\n<li><strong>En cas de retard<\/strong> : sonner \u00e0 l&rsquo;entr\u00e9e administrative, chemin des Carri\u00e8res : la directrice ouvre, et d\u00e9livre un billet d&rsquo;entr\u00e9e \u00e0 l&rsquo;\u00e9l\u00e8ve <span style=\"text-decoration: underline;\">accompagn\u00e9 de son parent.<\/span><\/li>\n<\/ul>\n<\/li>\n<\/ul>\n<ul>\n<li><span style=\"text-decoration: underline;\">Equipe enseignante :<\/span>\n<ul>\n<li>Mme Fontan (CP)<\/li>\n<li>Mme Iaconis (CP-CE1)<\/li>\n<li>Mme Payan (CE1)<\/li>\n<li>Mme Alquier-Bouffard (CE1-CE2)<\/li>\n<li>Mme Javerzac (CE2)<\/li>\n<li>Mme Armaing \/ Mme Bouillon (CE2-CM1)<\/li>\n<li>Mme Richou \/ Mme Bouillon (CM1)<\/li>\n<li>Mme Rabion (CM2a)<\/li>\n<li>Mme Tourange (CM2b)<\/li>\n<\/ul>\n<\/li>\n<\/ul>\n<ul>\n<li><span style=\"text-decoration: underline;\">Dispositif UPE2A :<\/span>\n<ul>\n<li>Mme Barret<\/li>\n<\/ul>\n<\/li>\n<\/ul>\n<p><strong><span style=\"color: #339966;\">ALAE<\/span><\/strong><\/p>\n<ul>\n<li><span style=\"text-decoration: underline;\">T\u00e9l\u00e9phone :<\/span>\u00a0 05 61 15 21 67\u00a0\u00a0\u00a0\u00a0\u00a0\u00a0\u00a0\u00a0\u00a0\u00a0 <span style=\"text-decoration: underline;\">Mail :<\/span> <a href=\"mailto:HeleneBoucherPrimaire.CLAE@mairie-colomiers.fr\" target=\"_blank\" rel=\"noopener noreferrer\">HeleneBoucherElementaire.ALAE@<wbr \/>mairie-colomiers.fr<\/a><\/li>\n<li><span style=\"text-decoration: underline;\">Directeur <\/span>: Mr Da Cunha<\/li>\n<li><span style=\"text-decoration: underline;\">Horaires ALAE :<\/span>\n<ul>\n<li>Lundi, mardi, jeudi et vendredi :\u00a07h30-8h30, 11h30-13h35 et 16h00-18h30.<\/li>\n<\/ul>\n<\/li>\n<\/ul>\n<ul>\n<li style=\"list-style-type: none;\">\n<ul>\n<li>Mercredi:\n<ul>\n<li>Accueil du matin uniquement : 7h30-8h20<\/li>\n<li>Garderie <span style=\"color: #3366ff;\">sur inscription uniquement (\u00e0 effectuer en mairie, valable toute l&rsquo;ann\u00e9e)<\/span> : 11h30-12h30<\/li>\n<li>Centre de loisirs du Cabirol\u00a0<span style=\"color: #3366ff;\">sur inscription uniquement (\u00e0 effectuer \u00e0 l&rsquo;ALAE ou sur le site de la mairie, valable pour le mois suivant)<\/span> :\u00a011h10-16h30 \u00e0 18h30 <span style=\"color: #3366ff;\">OU<\/span> 13h30-14h00 \u2013 16h30 \u00e0 18h30<\/li>\n<\/ul>\n<\/li>\n<\/ul>\n<\/li>\n<\/ul>\n<ul>\n<li style=\"list-style-type: none;\">\n<ul>\n<li style=\"list-style-type: none;\">\n<ul>\n<li>Maisons citoyennes : Le mercredi apr\u00e8s-midi, votre enfant peut \u00eatre accompagn\u00e9 vers la maison citoyenne de La Crabe et La Naspe, <span style=\"color: #3366ff;\">apr\u00e8s inscription pr\u00e9alable (\u00e0 effectuer \u00e0 la maison citoyenne chaque mois). Votre enfant doit \u00eatre \u00e9galement inscrit sur le temps garderie du mercredi midi<\/span>.<\/li>\n<\/ul>\n<\/li>\n<\/ul>\n<\/li>\n<li><span style=\"text-decoration: underline;\">Acc\u00e8s ALAE :<\/span>\n<ul>\n<li style=\"list-style-type: none;\">\n<ul>\n<li>Entr\u00e9e par le portillon ALAE \u00e0 c\u00f4t\u00e9 de la gu\u00e9rite, rue du Ch\u00e2teau d&rsquo;eau.<\/li>\n<\/ul>\n<\/li>\n<\/ul>\n<\/li>\n<\/ul>\n<p><strong><span style=\"color: #339966;\">CENTRE DE LOISIRS DU CABIROL (\u00e9l\u00e9mentaire)<\/span><\/strong><\/p>\n<p><span style=\"text-decoration: underline;\">T\u00e9l\u00e9phone :<\/span>\u00a005 61 15 31 55\u00a0\u00a0\u00a0\u00a0\u00a0\u00a0\u00a0\u00a0\u00a0\u00a0\u00a0\u00a0\u00a0\u00a0\u00a0\u00a0 <span style=\"text-decoration: underline;\">Adresse :<\/span> 2 all\u00e9e des Alpilles 31770 Colomiers<\/p>\n<p><strong><span style=\"color: #339966;\">Direction Education,\u00a0Enfance et Loisirs Educatifs<\/span><\/strong><\/p>\n<p><span style=\"text-decoration: underline;\">T\u00e9l\u00e9phone :<\/span> 05 61 15 24 35\u00a0\u00a0\u00a0\u00a0\u00a0\u00a0\u00a0\u00a0\u00a0\u00a0\u00a0\u00a0\u00a0\u00a0\u00a0 <span style=\"text-decoration: underline;\">Mail :<\/span>\u00a0<span style=\"color: #000000;\"> <a href=\"mailto:deele@mairie-colomiers.fr\">deele@mairie-colomiers.fr<\/a><\/span><\/p>\n<p><i>Horaires d&rsquo;accueil du public : contacter le service ou voir le site de la mairie.<\/i><\/p>\n","protected":false},"excerpt":{"rendered":"<p>ECOLE T\u00e9l\u00e9phone :\u00a0 05 61 63 50 49 \u00a0\u00a0\u00a0\u00a0\u00a0\u00a0\u00a0 Mail : ce.0310432b@ac-toulouse.fr \u00a0\u00a0\u00a0 Adresse :\u00a0\u00a010 chemin des Carri\u00e8res, 31 770 Colomiers Directrice :\u00a0 Mme PETITPREZ Horaires \u00e9cole : Lundi, mardi, jeudi et vendredi: 8h30-11h30 et 13h45-16h00 &#8211; Les portails sont<\/p>\n","protected":false},"author":2,"featured_media":0,"parent":0,"menu_order":0,"comment_status":"closed","ping_status":"closed","template":"","meta":{"footnotes":""},"class_list":["post-55","page","type-page","status-publish","hentry"],"_links":{"self":[{"href":"https:\/\/www.api-colomiers.com\/heleneboucher\/wp-json\/wp\/v2\/pages\/55","targetHints":{"allow":["GET"]}}],"collection":[{"href":"https:\/\/www.api-colomiers.com\/heleneboucher\/wp-json\/wp\/v2\/pages"}],"about":[{"href":"https:\/\/www.api-colomiers.com\/heleneboucher\/wp-json\/wp\/v2\/types\/page"}],"author":[{"embeddable":true,"href":"https:\/\/www.api-colomiers.com\/heleneboucher\/wp-json\/wp\/v2\/users\/2"}],"replies":[{"embeddable":true,"href":"https:\/\/www.api-colomiers.com\/heleneboucher\/wp-json\/wp\/v2\/comments?post=55"}],"version-history":[{"count":9,"href":"https:\/\/www.api-colomiers.com\/heleneboucher\/wp-json\/wp\/v2\/pages\/55\/revisions"}],"predecessor-version":[{"id":10362,"href":"https:\/\/www.api-colomiers.com\/heleneboucher\/wp-json\/wp\/v2\/pages\/55\/revisions\/10362"}],"wp:attachment":[{"href":"https:\/\/www.api-colomiers.com\/heleneboucher\/wp-json\/wp\/v2\/media?parent=55"}],"curies":[{"name":"wp","href":"https:\/\/api.w.org\/{rel}","templated":true}]}}