{"id":49,"date":"2015-03-27T20:14:27","date_gmt":"2015-03-27T20:14:27","guid":{"rendered":"http:\/\/api-colomiers.com\/heleneboucher\/?page_id=49"},"modified":"2024-10-18T09:22:09","modified_gmt":"2024-10-18T07:22:09","slug":"maternelle-2","status":"publish","type":"page","link":"https:\/\/www.api-colomiers.com\/heleneboucher\/maternelle-2\/","title":{"rendered":"Coordonn\u00e9es et infos maternelle"},"content":{"rendered":"<p><strong><span style=\"color: #339966;\">ECOLE<\/span><\/strong><\/p>\n<ul>\n<li><span style=\"text-decoration: underline;\">T\u00e9l\u00e9phone :<\/span>\u00a0\u00a005 61 63 50 51 \u00a0(merci de laisser un message)\u00a0\u00a0\u00a0 <span style=\"text-decoration: underline;\">Mail :<\/span>\u00a0ce.0311781t@ac-toulouse.fr \u00a0\u00a0\u00a0\u00a0 <span style=\"text-decoration: underline;\">Adresse :<\/span><strong>\u00a0\u00a0<\/strong>2 all\u00e9e du Ch\u00e2teau d&rsquo;eau 31 770 Colomiers<\/li>\n<li id=\"yui_3_16_0_ym19_1_1511213906610_28863\"><span style=\"text-decoration: underline;\">Directrice :<\/span>\u00a0 Mme TOUGNE H\u00e9l\u00e8ne<\/li>\n<li><span style=\"text-decoration: underline;\">Horaires \u00e9cole :<\/span>\n<ul>\n<li>Lundi, Mardi, Jeudi, Vendredi : 8h30-11h30 et 13h40-16h00 &#8211; <span style=\"color: #ff0000;\">Les enfants doivent arriver entre 8h20 et 8h30 et entre 13h30 et 13h40 (fermeture du portail)<\/span><strong><br \/>\n<\/strong><\/li>\n<li>Mercredi: 8h30-11h10<strong><br \/>\n<\/strong><\/li>\n<li>L&rsquo;entr\u00e9e se fait par le portail de la cour, chemin de Millassis.<\/li>\n<\/ul>\n<\/li>\n<li><span style=\"text-decoration: underline;\">Equipe enseignante :<\/span>\n<ul>\n<li>Mme Massarelli (PS rouge)<\/li>\n<li>Mme Scholz (MS-GS violette), Mme Rousselle (MS-GS bleue)<\/li>\n<li>Mme Tougne (GS jaune)<\/li>\n<\/ul>\n<\/li>\n<li><span style=\"text-decoration: underline;\">Equipe ATSEM 2024-25 <\/span><span style=\"text-decoration: underline;\">:<\/span>\n<ul>\n<li>Alexandra, M\u00e9lanie, Aline, Agn\u00e8s, \u00c9velyne<\/li>\n<\/ul>\n<\/li>\n<\/ul>\n<p><strong><span style=\"color: #339966;\">ALAE<\/span><\/strong><\/p>\n<ul>\n<li><span style=\"text-decoration: underline;\">T\u00e9l\u00e9phone :<\/span>\u00a0 06 82 76 51 42 (matin et soir)<\/li>\n<li><span style=\"text-decoration: underline;\">Directrice :<\/span>\u00a0 Ana\u00efs DANNEELS<\/li>\n<li><span style=\"text-decoration: underline;\">Horaires ALAE :<\/span>\n<ul>\n<li>Lundi, mardi, jeudi et vendredi :\u00a07h30-8h20, 11h40-13h50 et 16h10 (acc\u00e8s aux parents 16h25)-18h30.<\/li>\n<li>Mercredi:\n<ul>\n<li>Accueil du matin uniquement : 7h30-8h20<\/li>\n<li>Garderie<span style=\"color: #3366ff;\"> sur inscription<\/span> : 11h10-12h30<\/li>\n<li>Centre de loisirs du Cabirol <span style=\"color: #3366ff;\">sur inscription<\/span> :\u00a011h10-16h30 \u00e0 18h30 <span style=\"color: #3366ff;\"><b>OU<\/b><\/span> 13h30-14h00 \u2013 16h30 \u00e0 18h30<\/li>\n<\/ul>\n<\/li>\n<\/ul>\n<\/li>\n<\/ul>\n<p><strong><span style=\"color: #339966;\">CENTRE DE LOISIRS DU CABIROL (maternelle)<\/span><\/strong><\/p>\n<p><span style=\"text-decoration: underline;\">T\u00e9l\u00e9phone :<\/span> 05 61 15 31 56\u00a0 \u00a0 \u00a0 \u00a0 \u00a0 \u00a0 \u00a0 \u00a0 \u00a0 \u00a0\u00a0<span style=\"text-decoration: underline;\">Adresse :<\/span> 2 all\u00e9e des Alpilles 31770 Colomiers<\/p>\n<p><strong><span style=\"color: #339966;\">Direction Enfance Education Famille et Sports<\/span><\/strong><\/p>\n<p><span style=\"text-decoration: underline;\">T\u00e9l\u00e9phone :<\/span> \u00a005 61 15 24 35\u00a0\u00a0\u00a0\u00a0\u00a0\u00a0\u00a0\u00a0\u00a0\u00a0\u00a0\u00a0\u00a0\u00a0\u00a0\u00a0 <span style=\"text-decoration: underline;\">Mail :<\/span> <span style=\"color: #000000;\"><a href=\"mailto:deele@mairie-colomiers.fr\">deele@mairie-colomiers.fr<\/a><\/span><\/p>\n<p><em>Horaires d&rsquo;accueil du public : merci de contacter le service.<\/em><\/p>\n","protected":false},"excerpt":{"rendered":"<p>ECOLE T\u00e9l\u00e9phone :\u00a0\u00a005 61 63 50 51 \u00a0(merci de laisser un message)\u00a0\u00a0\u00a0 Mail :\u00a0ce.0311781t@ac-toulouse.fr \u00a0\u00a0\u00a0\u00a0 Adresse :\u00a0\u00a02 all\u00e9e du Ch\u00e2teau d&rsquo;eau 31 770 Colomiers Directrice :\u00a0 Mme TOUGNE H\u00e9l\u00e8ne Horaires \u00e9cole : Lundi, Mardi, Jeudi, Vendredi : 8h30-11h30 et 13h40-16h00<\/p>\n","protected":false},"author":2,"featured_media":0,"parent":0,"menu_order":0,"comment_status":"closed","ping_status":"closed","template":"","meta":{"footnotes":""},"class_list":["post-49","page","type-page","status-publish","hentry"],"_links":{"self":[{"href":"https:\/\/www.api-colomiers.com\/heleneboucher\/wp-json\/wp\/v2\/pages\/49","targetHints":{"allow":["GET"]}}],"collection":[{"href":"https:\/\/www.api-colomiers.com\/heleneboucher\/wp-json\/wp\/v2\/pages"}],"about":[{"href":"https:\/\/www.api-colomiers.com\/heleneboucher\/wp-json\/wp\/v2\/types\/page"}],"author":[{"embeddable":true,"href":"https:\/\/www.api-colomiers.com\/heleneboucher\/wp-json\/wp\/v2\/users\/2"}],"replies":[{"embeddable":true,"href":"https:\/\/www.api-colomiers.com\/heleneboucher\/wp-json\/wp\/v2\/comments?post=49"}],"version-history":[{"count":9,"href":"https:\/\/www.api-colomiers.com\/heleneboucher\/wp-json\/wp\/v2\/pages\/49\/revisions"}],"predecessor-version":[{"id":10355,"href":"https:\/\/www.api-colomiers.com\/heleneboucher\/wp-json\/wp\/v2\/pages\/49\/revisions\/10355"}],"wp:attachment":[{"href":"https:\/\/www.api-colomiers.com\/heleneboucher\/wp-json\/wp\/v2\/media?parent=49"}],"curies":[{"name":"wp","href":"https:\/\/api.w.org\/{rel}","templated":true}]}}