{"id":23,"date":"2015-03-25T21:30:43","date_gmt":"2015-03-25T21:30:43","guid":{"rendered":"http:\/\/api-colomiers.com\/heleneboucher\/?page_id=23"},"modified":"2025-11-08T14:18:00","modified_gmt":"2025-11-08T13:18:00","slug":"maternelle","status":"publish","type":"page","link":"https:\/\/www.api-colomiers.com\/heleneboucher\/maternelle\/","title":{"rendered":"Maternelle (avant la fusion)"},"content":{"rendered":"<p><strong>Compte-rendu du Conseil d&rsquo;\u00e9cole maternelle du 12 juin 2025<\/strong><\/p>\n<p>Cliquer ici :\u00a0<a href=\"https:\/\/www.api-colomiers.com\/heleneboucher\/wp-content\/uploads\/2025\/06\/Mater-PV_CE3_12062025.pdf\" target=\"_blank\" rel=\"noopener\"><strong>2025 PV CE Maternelle Juin2025<\/strong><\/a><\/p>\n<p>&#8212;&#8212;&#8212;&#8212;&#8212;&#8212;&#8212;&#8212;&#8212;&#8212;&#8212;&#8212;&#8212;&#8212;&#8212;&#8212;&#8212;&#8212;&#8212;&#8212;&#8212;&#8212;&#8212;&#8212;&#8212;&#8212;&#8212;&#8212;&#8212;&#8212;&#8212;&#8212;&#8212;&#8212;&#8212;&#8212;&#8212;<\/p>\n<p><strong>Compte-rendu du Conseil d&rsquo;\u00e9cole maternelle du 06 f\u00e9vrier 2025<\/strong><\/p>\n<p>Cliquer ici :\u00a0<a href=\"https:\/\/www.api-colomiers.com\/heleneboucher\/wp-content\/uploads\/2025\/03\/Mater-PV-CE2_06022025.pdf\" target=\"_blank\" rel=\"noopener\"><strong>2025 PV CE Maternelle Fevrier2025<\/strong><\/a><\/p>\n<p>&#8212;&#8212;&#8212;&#8212;&#8212;&#8212;&#8212;&#8212;&#8212;&#8212;&#8212;&#8212;&#8212;&#8212;&#8212;&#8212;&#8212;&#8212;&#8212;&#8212;&#8212;&#8212;&#8212;&#8212;&#8212;&#8212;&#8212;&#8212;&#8212;&#8212;&#8212;&#8212;&#8212;&#8212;&#8212;&#8212;&#8212;<\/p>\n<p><strong>Compte-rendu du Conseil d&rsquo;\u00e9cole maternelle du 17 octobre 2024<\/strong><\/p>\n<p>Cliquer ici :\u00a0<a href=\"https:\/\/www.api-colomiers.com\/heleneboucher\/wp-content\/uploads\/2024\/10\/Mater-PV-CE1-171024.pdf\" target=\"_blank\" rel=\"noopener\"><strong>2024 PV CE Maternelle Octobre2024<\/strong><\/a><\/p>\n<p>&#8212;&#8212;&#8212;&#8212;&#8212;&#8212;&#8212;&#8212;&#8212;&#8212;&#8212;&#8212;&#8212;&#8212;&#8212;&#8212;&#8212;&#8212;&#8212;&#8212;&#8212;&#8212;&#8212;&#8212;&#8212;&#8212;&#8212;&#8212;&#8212;&#8212;&#8212;&#8212;&#8212;&#8212;&#8212;&#8212;&#8212;<\/p>\n<p><strong>Compte-rendu du Conseil d&rsquo;\u00e9cole maternelle du 13 juin 2024<\/strong><\/p>\n<p>Cliquer ici :\u00a0<a href=\"https:\/\/www.api-colomiers.com\/heleneboucher\/wp-content\/uploads\/2024\/07\/Mater-PV-CE3-13062024.pdf\" target=\"_blank\" rel=\"noopener\"><strong>2024 PV CE Maternelle Juin2024<\/strong><\/a><\/p>\n<p>&#8212;&#8212;&#8212;&#8212;&#8212;&#8212;&#8212;&#8212;&#8212;&#8212;&#8212;&#8212;&#8212;&#8212;&#8212;&#8212;&#8212;&#8212;&#8212;&#8212;&#8212;&#8212;&#8212;&#8212;&#8212;&#8212;&#8212;&#8212;&#8212;&#8212;&#8212;&#8212;&#8212;&#8212;&#8212;&#8212;&#8212;<\/p>\n<p><strong>Compte-rendu du Conseil d&rsquo;\u00e9cole maternelle du 08 f\u00e9vrier 2024<\/strong><\/p>\n<p>Cliquer ici :\u00a0<a href=\"https:\/\/www.api-colomiers.com\/heleneboucher\/wp-content\/uploads\/2024\/04\/Mater-PV-CE2-08-02-24.pdf\" target=\"_blank\" rel=\"noopener\"><strong>2024 PV CE Maternelle F\u00e9vrier2024<\/strong><\/a><\/p>\n<p>&#8212;&#8212;&#8212;&#8212;&#8212;&#8212;&#8212;&#8212;&#8212;&#8212;&#8212;&#8212;&#8212;&#8212;&#8212;&#8212;&#8212;&#8212;&#8212;&#8212;&#8212;&#8212;&#8212;&#8212;&#8212;&#8212;&#8212;&#8212;&#8212;&#8212;&#8212;&#8212;&#8212;&#8212;&#8212;&#8212;&#8212;<\/p>\n<p><strong>Compte-rendu du Conseil d&rsquo;\u00e9cole maternelle du 09 Novembre 2023<\/strong><\/p>\n<p>Cliquer ici :\u00a0<a href=\"https:\/\/www.api-colomiers.com\/heleneboucher\/wp-content\/uploads\/2023\/12\/Mater-PV-CE1-09-11-23.pdf\" target=\"_blank\" rel=\"noopener\"><strong>2023 PV CE Maternelle Novembre2023<\/strong><\/a><\/p>\n<p>&#8212;&#8212;&#8212;&#8212;&#8212;&#8212;&#8212;&#8212;&#8212;&#8212;&#8212;&#8212;&#8212;&#8212;&#8212;&#8212;&#8212;&#8212;&#8212;&#8212;&#8212;&#8212;&#8212;&#8212;&#8212;&#8212;&#8212;&#8212;&#8212;&#8212;&#8212;&#8212;&#8212;&#8212;&#8212;&#8212;&#8212;<\/p>\n<p><strong>Compte-rendu du Conseil d&rsquo;\u00e9cole maternelle du 16 Juin 2023<\/strong><\/p>\n<p>Cliquer ici :\u00a0<a href=\"https:\/\/www.api-colomiers.com\/heleneboucher\/wp-content\/uploads\/2023\/06\/Mater-PV-CE2-16-06-23.pdf\" target=\"_blank\" rel=\"noopener\"><strong>2023 PV CE Maternelle Juin2023<\/strong><\/a><\/p>\n<p>&#8212;&#8212;&#8212;&#8212;&#8212;&#8212;&#8212;&#8212;&#8212;&#8212;&#8212;&#8212;&#8212;&#8212;&#8212;&#8212;&#8212;&#8212;&#8212;&#8212;&#8212;&#8212;&#8212;&#8212;&#8212;&#8212;&#8212;&#8212;&#8212;&#8212;&#8212;&#8212;&#8212;&#8212;&#8212;&#8212;&#8212;<\/p>\n<p><strong>Compte-rendu du Conseil d&rsquo;\u00e9cole maternelle du 09 F\u00e9vrier 2023<\/strong><\/p>\n<p>Cliquer ici :\u00a0<a href=\"https:\/\/www.api-colomiers.com\/heleneboucher\/wp-content\/uploads\/2023\/02\/Mater-PV-CE2-09-02-23.pdf\"><strong>2023 PV CE Maternelle F\u00e9vrier2023<\/strong><\/a><\/p>\n<p>&#8212;&#8212;&#8212;&#8212;&#8212;&#8212;&#8212;&#8212;&#8212;&#8212;&#8212;&#8212;&#8212;&#8212;&#8212;&#8212;&#8212;&#8212;&#8212;&#8212;&#8212;&#8212;&#8212;&#8212;&#8212;&#8212;&#8212;&#8212;&#8212;&#8212;&#8212;&#8212;&#8212;&#8212;&#8212;&#8212;&#8212;<\/p>\n<p><strong>Compte-rendu du Conseil d&rsquo;\u00e9cole maternelle du 20 Octobre 2022<\/strong><\/p>\n<p>Cliquer ici :\u00a0<strong><a href=\"https:\/\/www.api-colomiers.com\/heleneboucher\/wp-content\/uploads\/2022\/10\/P.V-1er-C.E-20-10-22-1.pdf\" target=\"_blank\" rel=\"noopener\">2022 PV CE Maternelle Octobre2022<\/a><\/strong><\/p>\n<p>&#8212;&#8212;&#8212;&#8212;&#8212;&#8212;&#8212;&#8212;&#8212;&#8212;&#8212;&#8212;&#8212;&#8212;&#8212;&#8212;&#8212;&#8212;&#8212;&#8212;&#8212;&#8212;&#8212;&#8212;&#8212;&#8212;&#8212;&#8212;&#8212;&#8212;&#8212;&#8212;&#8212;&#8212;&#8212;&#8212;&#8212;<\/p>\n<p><strong>Compte-rendu du Conseil d&rsquo;\u00e9cole maternelle du 16 juin 2022<\/strong><\/p>\n<p>Cliquer ici : <strong><a href=\"https:\/\/www.api-colomiers.com\/heleneboucher\/wp-content\/uploads\/2022\/07\/2022_PV_CE3_Maternelle_16juin.pdf\" target=\"_blank\" rel=\"noopener\">2022 PV CE Maternelle Juin2022<\/a><\/strong><\/p>\n<p>&#8212;&#8212;&#8212;&#8212;&#8212;&#8212;&#8212;&#8212;&#8212;&#8212;&#8212;&#8212;&#8212;&#8212;&#8212;&#8212;&#8212;&#8212;&#8212;&#8212;&#8212;&#8212;&#8212;&#8212;&#8212;&#8212;&#8212;&#8212;&#8212;&#8212;&#8212;&#8212;&#8212;&#8212;&#8212;&#8212;&#8212;<\/p>\n<p><strong>Compte-rendu du Conseil d&rsquo;\u00e9cole maternelle du 10 f\u00e9vrier 2022<\/strong><\/p>\n<p>Cliquer ici : <a href=\"https:\/\/www.api-colomiers.com\/heleneboucher\/wp-content\/uploads\/2022\/02\/PV_CE2_MATER_10022022.pdf\"><strong>2022 PV CE Maternelle F\u00e9vrier22<\/strong><\/a><\/p>\n<p>&#8212;&#8212;&#8212;&#8212;&#8212;&#8212;&#8212;&#8212;&#8212;&#8212;&#8212;&#8212;&#8212;&#8212;&#8212;&#8212;&#8212;&#8212;&#8212;&#8212;&#8212;&#8212;&#8212;&#8212;&#8212;&#8212;&#8212;&#8212;&#8212;&#8212;&#8212;&#8212;&#8212;&#8212;&#8212;&#8212;&#8212;<\/p>\n<p><strong>Compte-rendu du Conseil d&rsquo;\u00e9cole maternelle du 21 octobre 2021<\/strong><\/p>\n<p>Cliquer ici : <strong><a href=\"https:\/\/www.api-colomiers.com\/heleneboucher\/wp-content\/uploads\/2021\/10\/1-PV_CE_Mater_21102021.pdf\">2021 PV CE Maternelle Octobre21<\/a><\/strong><\/p>\n<p>&#8212;&#8212;&#8212;&#8212;&#8212;&#8212;&#8212;&#8212;&#8212;&#8212;&#8212;&#8212;&#8212;&#8212;&#8212;&#8212;&#8212;&#8212;&#8212;&#8212;&#8212;&#8212;&#8212;&#8212;&#8212;&#8212;&#8212;&#8212;&#8212;&#8212;&#8212;&#8212;&#8212;&#8212;&#8212;&#8212;&#8212;<\/p>\n<p><strong>Compte-rendu du Conseil d&rsquo;\u00e9cole maternelle du 17 juin 2021<\/strong><\/p>\n<p>Cliquer ici : <strong><a href=\"https:\/\/www.api-colomiers.com\/heleneboucher\/wp-content\/uploads\/2021\/06\/Compte-rendu-CE-maternelle-17-juin-21.pdf\">2021 PV CE Maternelle Juin21<\/a> <\/strong><\/p>\n<p>&#8212;&#8212;&#8212;&#8212;&#8212;&#8212;&#8212;&#8212;&#8212;&#8212;&#8212;&#8212;&#8212;&#8212;&#8212;&#8212;&#8212;&#8212;&#8212;&#8212;&#8212;&#8212;&#8212;&#8212;&#8212;&#8212;&#8212;&#8212;&#8212;&#8212;&#8212;&#8212;&#8212;&#8212;&#8212;&#8212;&#8212;<\/p>\n<p><strong>Compte-rendu du Conseil d&rsquo;\u00e9cole maternelle du 11 f\u00e9vrier 2021<\/strong><\/p>\n<p>Cliquer ici :<strong> <span style=\"color: #0000ff;\"><a href=\"https:\/\/www.api-colomiers.com\/heleneboucher\/wp-content\/uploads\/2021\/02\/2021-PV-CE-Maternelle-Fevrier21.pdf\">2021 PV CE Maternelle F\u00e9vrier21<\/a>\u00a0<\/span><\/strong><\/p>\n<p>&#8212;&#8212;&#8212;&#8212;&#8212;&#8212;&#8212;&#8212;&#8212;&#8212;&#8212;&#8212;&#8212;&#8212;&#8212;&#8212;&#8212;&#8212;&#8212;&#8212;&#8212;&#8212;&#8212;&#8212;&#8212;&#8212;&#8212;&#8212;&#8212;&#8212;&#8212;&#8212;&#8212;&#8212;&#8212;&#8212;&#8212;<\/p>\n<p><strong>Compte-rendu du Conseil d&rsquo;\u00e9cole maternelle du 05 novembre 2020<\/strong><\/p>\n<p>Cliquer ici :<a href=\"https:\/\/www.api-colomiers.com\/heleneboucher\/wp-content\/uploads\/2020\/11\/Compte-rendu-CE-maternelle-05-nov-20.pdf\" target=\"_blank\" rel=\"noopener noreferrer\"><strong> <span style=\"color: #0000ff;\">2020 PV CE Maternelle Novembre20\u00a0<\/span><\/strong><\/a><\/p>\n<p>&#8212;&#8212;&#8212;&#8212;&#8212;&#8212;&#8212;&#8212;&#8212;&#8212;&#8212;&#8212;&#8212;&#8212;&#8212;&#8212;&#8212;&#8212;&#8212;&#8212;&#8212;&#8212;&#8212;&#8212;&#8212;&#8212;&#8212;&#8212;&#8212;&#8212;&#8212;&#8212;&#8212;&#8212;&#8212;&#8212;&#8212;<\/p>\n<p><strong>Compte-rendu du Conseil d&rsquo;\u00e9cole maternelle du 25 juin 2020<\/strong><\/p>\n<p>Cliquer ici :<strong> <span style=\"color: #0000ff;\"><a style=\"color: #0000ff;\" href=\"https:\/\/www.api-colomiers.com\/heleneboucher\/wp-content\/uploads\/2020\/06\/2020-PV-CE-Maternelle-Juin20.pdf\" target=\"_blank\" rel=\"noopener noreferrer\">2020 PV CE Maternelle Juin20<\/a>\u00a0<\/span><\/strong><\/p>\n<p>&#8212;&#8212;&#8212;&#8212;&#8212;&#8212;&#8212;&#8212;&#8212;&#8212;&#8212;&#8212;&#8212;&#8212;&#8212;&#8212;&#8212;&#8212;&#8212;&#8212;&#8212;&#8212;&#8212;&#8212;&#8212;&#8212;&#8212;&#8212;&#8212;&#8212;&#8212;&#8212;&#8212;&#8212;&#8212;&#8212;&#8212;<\/p>\n<p><strong>Compte-rendu du Conseil d&rsquo;\u00e9cole maternelle du 13 janvier 2020<\/strong><\/p>\n<p>Cliquer ici :<strong> <span style=\"color: #0000ff;\"><a style=\"color: #0000ff;\" href=\"https:\/\/www.api-colomiers.com\/heleneboucher\/wp-content\/uploads\/2020\/01\/2020-PV-CE-Mater-Janv20.pdf\">2020 PV CE Mater Janv20<\/a>\u00a0\u00a0<span style=\"color: #000000;\">&#8211; <span style=\"color: #339966;\"><a style=\"color: #339966;\" href=\"https:\/\/www.api-colomiers.com\/heleneboucher\/wp-content\/uploads\/2020\/01\/Resultat_sondage_Maternelle.pdf\">R\u00e9sultats sondage Maternelle<\/a><\/span><\/span><\/span><\/strong><\/p>\n<p>&#8212;&#8212;&#8212;&#8212;&#8212;&#8212;&#8212;&#8212;&#8212;&#8212;&#8212;&#8212;&#8212;&#8212;&#8212;&#8212;&#8212;&#8212;&#8212;&#8212;&#8212;&#8212;&#8212;&#8212;&#8212;&#8212;&#8212;&#8212;&#8212;&#8212;&#8212;&#8212;&#8212;&#8212;&#8212;&#8212;&#8212;<\/p>\n<p><strong>Compte-rendu du Conseil d&rsquo;\u00e9cole maternelle du 05 novembre 2019<\/strong><\/p>\n<p>Cliquer ici :<strong>\u00a0<span style=\"color: #0000ff;\"><a style=\"color: #0000ff;\" href=\"https:\/\/www.api-colomiers.com\/heleneboucher\/wp-content\/uploads\/2019\/12\/2019-PV-CE-Mater-Nov19.pdf\">2019 PV CE Mater Nov19<\/a><\/span><\/strong><\/p>\n<p>&#8212;&#8212;&#8212;&#8212;&#8212;&#8212;&#8212;&#8212;&#8212;&#8212;&#8212;&#8212;&#8212;&#8212;&#8212;&#8212;&#8212;&#8212;&#8212;&#8212;&#8212;&#8212;&#8212;&#8212;&#8212;&#8212;&#8212;&#8212;&#8212;&#8212;&#8212;&#8212;&#8212;&#8212;&#8212;&#8212;&#8212;<\/p>\n<p><strong>Voici le compte-rendu du 3e conseil d&rsquo;\u00e9cole maternelle (14\/06\/19) :<\/strong><\/p>\n<p><span style=\"color: #0000ff;\"><a style=\"color: #0000ff;\" href=\"https:\/\/www.api-colomiers.com\/heleneboucher\/wp-content\/uploads\/2015\/03\/materCE3.pdf\"><span style=\"color: #000000;\">Cliquer ici :<\/span><\/a><strong><a style=\"color: #0000ff;\" href=\"https:\/\/www.api-colomiers.com\/heleneboucher\/wp-content\/uploads\/2015\/03\/materCE3.pdf\"> materCE3<\/a><\/strong><\/span><\/p>\n<p>&#8212;&#8212;&#8212;&#8212;&#8212;&#8212;&#8212;&#8212;&#8212;&#8212;&#8212;&#8212;&#8212;&#8212;&#8212;&#8212;&#8212;&#8212;&#8212;&#8212;&#8212;&#8212;&#8212;&#8212;&#8212;&#8212;&#8212;&#8212;&#8212;&#8212;&#8212;&#8212;&#8212;&#8212;&#8212;&#8212;&#8212;-<\/p>\n<p>A partir de fin 2017, la directrice de la maternelle a envoy\u00e9 le compte-rendu officiel du conseil d&rsquo;\u00e9cole \u00e0 chaque famille, par mail. Dans un souci budg\u00e9taire et environnemental, nous avons alors cess\u00e9 de r\u00e9diger et imprimer notre lettre d&rsquo;information dans les cahiers.<\/p>\n<p>Ci-dessous, les lettres d&rsquo;informations transmises dans l&rsquo;ann\u00e9e 2016-2017<\/p>\n<p><a href=\"https:\/\/www.api-colomiers.com\/heleneboucher\/wp-content\/uploads\/2015\/03\/LI-mater-juin2017-1.jpg\"><img loading=\"lazy\" decoding=\"async\" class=\"alignnone wp-image-2076 size-large\" src=\"https:\/\/www.api-colomiers.com\/heleneboucher\/wp-content\/uploads\/2015\/03\/LI-mater-juin2017-1-1024x725.jpg\" alt=\"LI mater juin2017-1\" width=\"700\" height=\"496\" srcset=\"https:\/\/www.api-colomiers.com\/heleneboucher\/wp-content\/uploads\/2015\/03\/LI-mater-juin2017-1-1024x725.jpg 1024w, https:\/\/www.api-colomiers.com\/heleneboucher\/wp-content\/uploads\/2015\/03\/LI-mater-juin2017-1-300x212.jpg 300w, https:\/\/www.api-colomiers.com\/heleneboucher\/wp-content\/uploads\/2015\/03\/LI-mater-juin2017-1-600x425.jpg 600w, https:\/\/www.api-colomiers.com\/heleneboucher\/wp-content\/uploads\/2015\/03\/LI-mater-juin2017-1.jpg 1754w\" sizes=\"auto, (max-width: 700px) 100vw, 700px\" \/><\/a> <a href=\"https:\/\/www.api-colomiers.com\/heleneboucher\/wp-content\/uploads\/2015\/03\/LI-mater-juin2017-2.jpg\"><img loading=\"lazy\" decoding=\"async\" class=\"alignnone wp-image-2077 size-large\" src=\"https:\/\/www.api-colomiers.com\/heleneboucher\/wp-content\/uploads\/2015\/03\/LI-mater-juin2017-2-1024x725.jpg\" alt=\"LI mater juin2017-2\" width=\"700\" height=\"496\" srcset=\"https:\/\/www.api-colomiers.com\/heleneboucher\/wp-content\/uploads\/2015\/03\/LI-mater-juin2017-2-1024x725.jpg 1024w, https:\/\/www.api-colomiers.com\/heleneboucher\/wp-content\/uploads\/2015\/03\/LI-mater-juin2017-2-300x212.jpg 300w, https:\/\/www.api-colomiers.com\/heleneboucher\/wp-content\/uploads\/2015\/03\/LI-mater-juin2017-2-600x425.jpg 600w, https:\/\/www.api-colomiers.com\/heleneboucher\/wp-content\/uploads\/2015\/03\/LI-mater-juin2017-2.jpg 1754w\" sizes=\"auto, (max-width: 700px) 100vw, 700px\" \/><\/a><\/p>\n<p><a href=\"https:\/\/www.api-colomiers.com\/heleneboucher\/wp-content\/uploads\/2015\/03\/CR-CE-61116ok-1.jpg\"><img loading=\"lazy\" decoding=\"async\" class=\"alignnone wp-image-2074 size-large\" src=\"https:\/\/www.api-colomiers.com\/heleneboucher\/wp-content\/uploads\/2015\/03\/CR-CE-61116ok-1-1024x725.jpg\" alt=\"CR CE 6:11:16ok-1\" width=\"700\" height=\"496\" srcset=\"https:\/\/www.api-colomiers.com\/heleneboucher\/wp-content\/uploads\/2015\/03\/CR-CE-61116ok-1-1024x725.jpg 1024w, https:\/\/www.api-colomiers.com\/heleneboucher\/wp-content\/uploads\/2015\/03\/CR-CE-61116ok-1-300x212.jpg 300w, https:\/\/www.api-colomiers.com\/heleneboucher\/wp-content\/uploads\/2015\/03\/CR-CE-61116ok-1-600x425.jpg 600w, https:\/\/www.api-colomiers.com\/heleneboucher\/wp-content\/uploads\/2015\/03\/CR-CE-61116ok-1.jpg 1754w\" sizes=\"auto, (max-width: 700px) 100vw, 700px\" \/><\/a> <a href=\"https:\/\/www.api-colomiers.com\/heleneboucher\/wp-content\/uploads\/2015\/03\/CR-CE-61116ok-2.jpg\"><img loading=\"lazy\" decoding=\"async\" class=\"alignnone wp-image-2075 size-large\" src=\"https:\/\/www.api-colomiers.com\/heleneboucher\/wp-content\/uploads\/2015\/03\/CR-CE-61116ok-2-1024x725.jpg\" alt=\"CR CE 6:11:16ok-2\" width=\"700\" height=\"496\" srcset=\"https:\/\/www.api-colomiers.com\/heleneboucher\/wp-content\/uploads\/2015\/03\/CR-CE-61116ok-2-1024x725.jpg 1024w, https:\/\/www.api-colomiers.com\/heleneboucher\/wp-content\/uploads\/2015\/03\/CR-CE-61116ok-2-300x212.jpg 300w, https:\/\/www.api-colomiers.com\/heleneboucher\/wp-content\/uploads\/2015\/03\/CR-CE-61116ok-2-600x425.jpg 600w, https:\/\/www.api-colomiers.com\/heleneboucher\/wp-content\/uploads\/2015\/03\/CR-CE-61116ok-2.jpg 1754w\" sizes=\"auto, (max-width: 700px) 100vw, 700px\" \/><\/a><\/p>\n<p>Voici la lettre d&rsquo;information suite au troisi\u00e8me conseil d&rsquo;\u00e9cole (06\/06\/16)<\/p>\n<p><a href=\"https:\/\/www.api-colomiers.com\/heleneboucher\/wp-content\/uploads\/2016\/06\/LI3-mater-1.jpg\"><img loading=\"lazy\" decoding=\"async\" class=\"alignnone wp-image-1083 size-large\" src=\"https:\/\/www.api-colomiers.com\/heleneboucher\/wp-content\/uploads\/2016\/06\/LI3-mater-1-1024x725.jpg\" alt=\"LI3-mater 1\" width=\"700\" height=\"496\" srcset=\"https:\/\/www.api-colomiers.com\/heleneboucher\/wp-content\/uploads\/2016\/06\/LI3-mater-1-1024x725.jpg 1024w, https:\/\/www.api-colomiers.com\/heleneboucher\/wp-content\/uploads\/2016\/06\/LI3-mater-1-300x212.jpg 300w, https:\/\/www.api-colomiers.com\/heleneboucher\/wp-content\/uploads\/2016\/06\/LI3-mater-1-600x425.jpg 600w, https:\/\/www.api-colomiers.com\/heleneboucher\/wp-content\/uploads\/2016\/06\/LI3-mater-1.jpg 1754w\" sizes=\"auto, (max-width: 700px) 100vw, 700px\" \/><\/a> <a href=\"https:\/\/www.api-colomiers.com\/heleneboucher\/wp-content\/uploads\/2016\/06\/LI3-mater2.jpg\"><img loading=\"lazy\" decoding=\"async\" class=\"alignnone wp-image-1084 size-large\" src=\"https:\/\/www.api-colomiers.com\/heleneboucher\/wp-content\/uploads\/2016\/06\/LI3-mater2-1024x725.jpg\" alt=\"LI3-mater2\" width=\"700\" height=\"496\" srcset=\"https:\/\/www.api-colomiers.com\/heleneboucher\/wp-content\/uploads\/2016\/06\/LI3-mater2-1024x725.jpg 1024w, https:\/\/www.api-colomiers.com\/heleneboucher\/wp-content\/uploads\/2016\/06\/LI3-mater2-300x212.jpg 300w, https:\/\/www.api-colomiers.com\/heleneboucher\/wp-content\/uploads\/2016\/06\/LI3-mater2-600x425.jpg 600w, https:\/\/www.api-colomiers.com\/heleneboucher\/wp-content\/uploads\/2016\/06\/LI3-mater2.jpg 1754w\" sizes=\"auto, (max-width: 700px) 100vw, 700px\" \/><\/a><\/p>\n<p>Voici la lettre d&rsquo;information suite au deuxi\u00e8me conseil d&rsquo;\u00e9cole (06\/02\/16) :<\/p>\n<p><a href=\"https:\/\/www.api-colomiers.com\/heleneboucher\/wp-content\/uploads\/2015\/03\/1.jpg\"><img loading=\"lazy\" decoding=\"async\" class=\" wp-image-570 size-large alignleft\" src=\"https:\/\/www.api-colomiers.com\/heleneboucher\/wp-content\/uploads\/2015\/03\/1-1024x725.jpg\" alt=\"-1\" width=\"700\" height=\"496\" srcset=\"https:\/\/www.api-colomiers.com\/heleneboucher\/wp-content\/uploads\/2015\/03\/1-1024x725.jpg 1024w, https:\/\/www.api-colomiers.com\/heleneboucher\/wp-content\/uploads\/2015\/03\/1-300x212.jpg 300w, https:\/\/www.api-colomiers.com\/heleneboucher\/wp-content\/uploads\/2015\/03\/1-600x425.jpg 600w, https:\/\/www.api-colomiers.com\/heleneboucher\/wp-content\/uploads\/2015\/03\/1.jpg 1754w\" sizes=\"auto, (max-width: 700px) 100vw, 700px\" \/><\/a><\/p>\n<p><a href=\"https:\/\/www.api-colomiers.com\/heleneboucher\/wp-content\/uploads\/2015\/03\/LI2-mater.jpg\"><img loading=\"lazy\" decoding=\"async\" class=\"alignnone wp-image-571 size-large\" src=\"https:\/\/www.api-colomiers.com\/heleneboucher\/wp-content\/uploads\/2015\/03\/LI2-mater-1024x725.jpg\" alt=\"LI2-mater\" width=\"700\" height=\"496\" srcset=\"https:\/\/www.api-colomiers.com\/heleneboucher\/wp-content\/uploads\/2015\/03\/LI2-mater-1024x725.jpg 1024w, https:\/\/www.api-colomiers.com\/heleneboucher\/wp-content\/uploads\/2015\/03\/LI2-mater-300x212.jpg 300w, https:\/\/www.api-colomiers.com\/heleneboucher\/wp-content\/uploads\/2015\/03\/LI2-mater-600x425.jpg 600w, https:\/\/www.api-colomiers.com\/heleneboucher\/wp-content\/uploads\/2015\/03\/LI2-mater.jpg 1754w\" sizes=\"auto, (max-width: 700px) 100vw, 700px\" \/><\/a><\/p>\n<p>Voici la lettre d&rsquo;information suite au premier conseil d&rsquo;\u00e9cole (03\/11\/15) :<\/p>\n<p><a href=\"https:\/\/www.api-colomiers.com\/heleneboucher\/wp-content\/uploads\/2015\/03\/LI-API-31115-1.jpg\"><img loading=\"lazy\" decoding=\"async\" class=\"alignnone wp-image-378 size-large\" src=\"https:\/\/www.api-colomiers.com\/heleneboucher\/wp-content\/uploads\/2015\/03\/LI-API-31115-1-1024x725.jpg\" alt=\"LI API 3:11:15-1\" width=\"700\" height=\"496\" srcset=\"https:\/\/www.api-colomiers.com\/heleneboucher\/wp-content\/uploads\/2015\/03\/LI-API-31115-1-1024x725.jpg 1024w, https:\/\/www.api-colomiers.com\/heleneboucher\/wp-content\/uploads\/2015\/03\/LI-API-31115-1-300x212.jpg 300w, https:\/\/www.api-colomiers.com\/heleneboucher\/wp-content\/uploads\/2015\/03\/LI-API-31115-1.jpg 1754w\" sizes=\"auto, (max-width: 700px) 100vw, 700px\" \/><\/a><\/p>\n<p><a href=\"https:\/\/www.api-colomiers.com\/heleneboucher\/wp-content\/uploads\/2015\/03\/LI-API-31115.jpg\"><img loading=\"lazy\" decoding=\"async\" class=\"alignnone wp-image-377 size-large\" src=\"https:\/\/www.api-colomiers.com\/heleneboucher\/wp-content\/uploads\/2015\/03\/LI-API-31115-1024x725.jpg\" alt=\"LI API 3:11:15\" width=\"700\" height=\"496\" srcset=\"https:\/\/www.api-colomiers.com\/heleneboucher\/wp-content\/uploads\/2015\/03\/LI-API-31115-1024x725.jpg 1024w, https:\/\/www.api-colomiers.com\/heleneboucher\/wp-content\/uploads\/2015\/03\/LI-API-31115-300x212.jpg 300w, https:\/\/www.api-colomiers.com\/heleneboucher\/wp-content\/uploads\/2015\/03\/LI-API-31115.jpg 1754w\" sizes=\"auto, (max-width: 700px) 100vw, 700px\" \/><\/a><\/p>\n<p>Voici le compte-rendu de la r\u00e9union ALAE de 2015 :<\/p>\n<p><a href=\"https:\/\/www.api-colomiers.com\/heleneboucher\/wp-content\/uploads\/2015\/03\/CR-ALAE-mater-2015.jpg\"><img loading=\"lazy\" decoding=\"async\" class=\"alignnone size-large wp-image-318\" src=\"https:\/\/www.api-colomiers.com\/heleneboucher\/wp-content\/uploads\/2015\/03\/CR-ALAE-mater-2015-1024x725.jpg\" alt=\"CR ALAE mater 2015\" width=\"700\" height=\"496\" srcset=\"https:\/\/www.api-colomiers.com\/heleneboucher\/wp-content\/uploads\/2015\/03\/CR-ALAE-mater-2015-1024x725.jpg 1024w, https:\/\/www.api-colomiers.com\/heleneboucher\/wp-content\/uploads\/2015\/03\/CR-ALAE-mater-2015-300x212.jpg 300w, https:\/\/www.api-colomiers.com\/heleneboucher\/wp-content\/uploads\/2015\/03\/CR-ALAE-mater-2015.jpg 1754w\" sizes=\"auto, (max-width: 700px) 100vw, 700px\" \/><\/a> <a href=\"https:\/\/www.api-colomiers.com\/heleneboucher\/wp-content\/uploads\/2015\/03\/CR-ALAE-mater2.jpg\"><img loading=\"lazy\" decoding=\"async\" class=\"alignnone size-large wp-image-319\" src=\"https:\/\/www.api-colomiers.com\/heleneboucher\/wp-content\/uploads\/2015\/03\/CR-ALAE-mater2-1024x725.jpg\" alt=\"CR ALAE mater2\" width=\"700\" height=\"496\" srcset=\"https:\/\/www.api-colomiers.com\/heleneboucher\/wp-content\/uploads\/2015\/03\/CR-ALAE-mater2-1024x725.jpg 1024w, https:\/\/www.api-colomiers.com\/heleneboucher\/wp-content\/uploads\/2015\/03\/CR-ALAE-mater2-300x212.jpg 300w, https:\/\/www.api-colomiers.com\/heleneboucher\/wp-content\/uploads\/2015\/03\/CR-ALAE-mater2.jpg 1754w\" sizes=\"auto, (max-width: 700px) 100vw, 700px\" \/><\/a><\/p>\n<p>Voici le r\u00e8glement int\u00e9rieur et le calendrier des vacances scolaires : <a href=\"https:\/\/www.api-colomiers.com\/heleneboucher\/wp-content\/uploads\/2015\/03\/Reglmater1.tiff\"><img loading=\"lazy\" decoding=\"async\" class=\"alignnone size-large wp-image-282\" src=\"https:\/\/www.api-colomiers.com\/heleneboucher\/wp-content\/uploads\/2015\/03\/Reglmater1.tiff\" alt=\"Reglmater1\" width=\"1\" height=\"1\" \/><\/a> <a href=\"https:\/\/www.api-colomiers.com\/heleneboucher\/wp-content\/uploads\/2015\/03\/Calendrier.tiff\"><img loading=\"lazy\" decoding=\"async\" class=\"alignnone size-large wp-image-284\" src=\"https:\/\/www.api-colomiers.com\/heleneboucher\/wp-content\/uploads\/2015\/03\/Calendrier.tiff\" alt=\"Calendrier\" width=\"1\" height=\"1\" \/><\/a><a href=\"https:\/\/www.api-colomiers.com\/heleneboucher\/wp-content\/uploads\/2015\/03\/Reglmater2-1.tiff\"><img loading=\"lazy\" decoding=\"async\" class=\"alignnone size-large wp-image-283\" src=\"https:\/\/www.api-colomiers.com\/heleneboucher\/wp-content\/uploads\/2015\/03\/Reglmater2-1.tiff\" alt=\"Reglmater2 1\" width=\"1\" height=\"1\" \/><\/a><\/p>\n<p>Vous pouvez consulter les comptes-rendus des conseils d&rsquo;Ecole et des r\u00e9unions avec l&rsquo;ALAE en 2014-2015 :<\/p>\n<p><a href=\"http:\/\/api-colomiers.com\/heleneboucher\/wp-content\/uploads\/2015\/03\/CR-re\u0301union-alae.pdf\">CR re\u0301union alae<\/a><\/p>\n<p><a href=\"http:\/\/api-colomiers.com\/heleneboucher\/wp-content\/uploads\/2015\/03\/CR-CE-mater-101114.pdf\">CR CE mater 10:11:14<\/a><\/p>\n<p><a href=\"http:\/\/api-colomiers.com\/heleneboucher\/wp-content\/uploads\/2015\/03\/CR-CE-mater-300115.pdf\">CR CE mater 30:01:15<\/a><\/p>\n","protected":false},"excerpt":{"rendered":"<p>Compte-rendu du Conseil d&rsquo;\u00e9cole maternelle du 12 juin 2025 Cliquer ici :\u00a02025 PV CE Maternelle Juin2025 &#8212;&#8212;&#8212;&#8212;&#8212;&#8212;&#8212;&#8212;&#8212;&#8212;&#8212;&#8212;&#8212;&#8212;&#8212;&#8212;&#8212;&#8212;&#8212;&#8212;&#8212;&#8212;&#8212;&#8212;&#8212;&#8212;&#8212;&#8212;&#8212;&#8212;&#8212;&#8212;&#8212;&#8212;&#8212;&#8212;&#8212; Compte-rendu du Conseil d&rsquo;\u00e9cole maternelle du 06 f\u00e9vrier 2025 Cliquer ici :\u00a02025 PV CE Maternelle Fevrier2025 &#8212;&#8212;&#8212;&#8212;&#8212;&#8212;&#8212;&#8212;&#8212;&#8212;&#8212;&#8212;&#8212;&#8212;&#8212;&#8212;&#8212;&#8212;&#8212;&#8212;&#8212;&#8212;&#8212;&#8212;&#8212;&#8212;&#8212;&#8212;&#8212;&#8212;&#8212;&#8212;&#8212;&#8212;&#8212;&#8212;&#8212; Compte-rendu du Conseil d&rsquo;\u00e9cole maternelle du<\/p>\n","protected":false},"author":2,"featured_media":0,"parent":0,"menu_order":0,"comment_status":"closed","ping_status":"closed","template":"","meta":{"footnotes":""},"class_list":["post-23","page","type-page","status-publish","hentry"],"_links":{"self":[{"href":"https:\/\/www.api-colomiers.com\/heleneboucher\/wp-json\/wp\/v2\/pages\/23","targetHints":{"allow":["GET"]}}],"collection":[{"href":"https:\/\/www.api-colomiers.com\/heleneboucher\/wp-json\/wp\/v2\/pages"}],"about":[{"href":"https:\/\/www.api-colomiers.com\/heleneboucher\/wp-json\/wp\/v2\/types\/page"}],"author":[{"embeddable":true,"href":"https:\/\/www.api-colomiers.com\/heleneboucher\/wp-json\/wp\/v2\/users\/2"}],"replies":[{"embeddable":true,"href":"https:\/\/www.api-colomiers.com\/heleneboucher\/wp-json\/wp\/v2\/comments?post=23"}],"version-history":[{"count":15,"href":"https:\/\/www.api-colomiers.com\/heleneboucher\/wp-json\/wp\/v2\/pages\/23\/revisions"}],"predecessor-version":[{"id":10761,"href":"https:\/\/www.api-colomiers.com\/heleneboucher\/wp-json\/wp\/v2\/pages\/23\/revisions\/10761"}],"wp:attachment":[{"href":"https:\/\/www.api-colomiers.com\/heleneboucher\/wp-json\/wp\/v2\/media?parent=23"}],"curies":[{"name":"wp","href":"https:\/\/api.w.org\/{rel}","templated":true}]}}