{"id":157,"date":"2015-04-09T20:30:54","date_gmt":"2015-04-09T20:30:54","guid":{"rendered":"http:\/\/api-colomiers.com\/heleneboucher\/?page_id=157"},"modified":"2024-10-18T09:33:35","modified_gmt":"2024-10-18T07:33:35","slug":"photos","status":"publish","type":"page","link":"https:\/\/www.api-colomiers.com\/heleneboucher\/photos\/","title":{"rendered":"Plan d&rsquo;acc\u00e8s au groupe scolaire"},"content":{"rendered":"<p><strong>Voici les diff\u00e9rents acc\u00e8s :<\/strong><\/p>\n<p><span style=\"color: #ff00ff;\"><strong>Maternelle :\u00a0<\/strong><\/span><br \/>Par le portail de la cour Chemin de Millassis.<br \/>De m\u00eame pour l&rsquo;ALAE.<\/p>\n<p><span style=\"color: #0000ff;\"><strong>El\u00e9mentaire :<\/strong><\/span><br \/>Par le portail de la cour Chemin de Millassis.<br \/><strong>&#8211; Bureau de la direction<\/strong> (et retardataires) : Par le portail Chemin des carri\u00e8res.<\/p>\n\n\n<figure class=\"wp-block-image size-full\"><a href=\"https:\/\/www.api-colomiers.com\/heleneboucher\/wp-content\/uploads\/2024\/10\/142A943B-3CAB-47C9-B317-CA5ADF0CF7F5.png\"><img loading=\"lazy\" decoding=\"async\" width=\"925\" height=\"767\" src=\"https:\/\/www.api-colomiers.com\/heleneboucher\/wp-content\/uploads\/2024\/10\/142A943B-3CAB-47C9-B317-CA5ADF0CF7F5.png\" alt=\"\" class=\"wp-image-10365\" srcset=\"https:\/\/www.api-colomiers.com\/heleneboucher\/wp-content\/uploads\/2024\/10\/142A943B-3CAB-47C9-B317-CA5ADF0CF7F5.png 925w, https:\/\/www.api-colomiers.com\/heleneboucher\/wp-content\/uploads\/2024\/10\/142A943B-3CAB-47C9-B317-CA5ADF0CF7F5-300x249.png 300w, https:\/\/www.api-colomiers.com\/heleneboucher\/wp-content\/uploads\/2024\/10\/142A943B-3CAB-47C9-B317-CA5ADF0CF7F5-768x637.png 768w\" sizes=\"auto, (max-width: 925px) 100vw, 925px\" \/><\/a><\/figure>\n\n\n\n<p><\/p>\n","protected":false},"excerpt":{"rendered":"<p>Voici les diff\u00e9rents acc\u00e8s : Maternelle :\u00a0Par le portail de la cour Chemin de Millassis.De m\u00eame pour l&rsquo;ALAE. El\u00e9mentaire :Par le portail de la cour Chemin de Millassis.&#8211; Bureau de la direction (et retardataires) : Par le portail Chemin des<\/p>\n","protected":false},"author":2,"featured_media":0,"parent":0,"menu_order":0,"comment_status":"closed","ping_status":"closed","template":"","meta":{"footnotes":""},"class_list":["post-157","page","type-page","status-publish","hentry"],"_links":{"self":[{"href":"https:\/\/www.api-colomiers.com\/heleneboucher\/wp-json\/wp\/v2\/pages\/157","targetHints":{"allow":["GET"]}}],"collection":[{"href":"https:\/\/www.api-colomiers.com\/heleneboucher\/wp-json\/wp\/v2\/pages"}],"about":[{"href":"https:\/\/www.api-colomiers.com\/heleneboucher\/wp-json\/wp\/v2\/types\/page"}],"author":[{"embeddable":true,"href":"https:\/\/www.api-colomiers.com\/heleneboucher\/wp-json\/wp\/v2\/users\/2"}],"replies":[{"embeddable":true,"href":"https:\/\/www.api-colomiers.com\/heleneboucher\/wp-json\/wp\/v2\/comments?post=157"}],"version-history":[{"count":9,"href":"https:\/\/www.api-colomiers.com\/heleneboucher\/wp-json\/wp\/v2\/pages\/157\/revisions"}],"predecessor-version":[{"id":10366,"href":"https:\/\/www.api-colomiers.com\/heleneboucher\/wp-json\/wp\/v2\/pages\/157\/revisions\/10366"}],"wp:attachment":[{"href":"https:\/\/www.api-colomiers.com\/heleneboucher\/wp-json\/wp\/v2\/media?parent=157"}],"curies":[{"name":"wp","href":"https:\/\/api.w.org\/{rel}","templated":true}]}}