{"id":110,"date":"2015-03-30T19:40:28","date_gmt":"2015-03-30T19:40:28","guid":{"rendered":"http:\/\/api-colomiers.com\/heleneboucher\/?page_id=110"},"modified":"2024-04-04T21:45:33","modified_gmt":"2024-04-04T19:45:33","slug":"carte-scolaire","status":"publish","type":"page","link":"https:\/\/www.api-colomiers.com\/heleneboucher\/carte-scolaire\/","title":{"rendered":"Carte scolaire"},"content":{"rendered":"<p style=\"text-align: justify;\">La carte scolaire est r\u00e9gie par des r\u00e8gles de :<\/p>\n<ul>\n<li>Mixit\u00e9 urbaine<\/li>\n<li>Proximit\u00e9 des lieux d\u2019habitation<\/li>\n<li>Logiques de transport et de\u00a0fronti\u00e8res \u00ab naturelles \u00bb des quartiers, comme les zones vertes, les boulevards, la voie ferr\u00e9e&#8230;<\/li>\n<\/ul>\n<p>Plus d&rsquo;info sur le site de la mairie :\u00a0<a href=\"https:\/\/www.ville-colomiers.fr\/mon-quotidien\/enfance-jeunesse\/education-scolarite\/carte-des-perimetres-scolaires-407.html\">https:\/\/www.ville-colomiers.fr\/mon-quotidien\/enfance-jeunesse\/education-scolarite\/carte-des-perimetres-scolaires-407.html<\/a><\/p>\n<ul>\n<li>\u00a0<\/li>\n<\/ul>\n\n\n<figure class=\"wp-block-image\"><a href=\"https:\/\/www.api-colomiers.com\/heleneboucher\/wp-content\/uploads\/2024\/04\/Carte_Scolaire.pdf\"><img loading=\"lazy\" decoding=\"async\" width=\"800\" height=\"533\" src=\"https:\/\/www.api-colomiers.com\/heleneboucher\/wp-content\/uploads\/2024\/04\/csm_CarteScolaire-2021-STC_93116ad017.png\" alt=\"\" class=\"wp-image-10119\" srcset=\"https:\/\/www.api-colomiers.com\/heleneboucher\/wp-content\/uploads\/2024\/04\/csm_CarteScolaire-2021-STC_93116ad017.png 800w, https:\/\/www.api-colomiers.com\/heleneboucher\/wp-content\/uploads\/2024\/04\/csm_CarteScolaire-2021-STC_93116ad017-300x200.png 300w, https:\/\/www.api-colomiers.com\/heleneboucher\/wp-content\/uploads\/2024\/04\/csm_CarteScolaire-2021-STC_93116ad017-768x512.png 768w\" sizes=\"auto, (max-width: 800px) 100vw, 800px\" \/><\/a><\/figure>\n","protected":false},"excerpt":{"rendered":"<p>La carte scolaire est r\u00e9gie par des r\u00e8gles de : Mixit\u00e9 urbaine Proximit\u00e9 des lieux d\u2019habitation Logiques de transport et de\u00a0fronti\u00e8res \u00ab naturelles \u00bb des quartiers, comme les zones vertes, les boulevards, la voie ferr\u00e9e&#8230; Plus d&rsquo;info sur le site<\/p>\n","protected":false},"author":2,"featured_media":0,"parent":0,"menu_order":0,"comment_status":"closed","ping_status":"closed","template":"","meta":{"footnotes":""},"class_list":["post-110","page","type-page","status-publish","hentry"],"_links":{"self":[{"href":"https:\/\/www.api-colomiers.com\/heleneboucher\/wp-json\/wp\/v2\/pages\/110","targetHints":{"allow":["GET"]}}],"collection":[{"href":"https:\/\/www.api-colomiers.com\/heleneboucher\/wp-json\/wp\/v2\/pages"}],"about":[{"href":"https:\/\/www.api-colomiers.com\/heleneboucher\/wp-json\/wp\/v2\/types\/page"}],"author":[{"embeddable":true,"href":"https:\/\/www.api-colomiers.com\/heleneboucher\/wp-json\/wp\/v2\/users\/2"}],"replies":[{"embeddable":true,"href":"https:\/\/www.api-colomiers.com\/heleneboucher\/wp-json\/wp\/v2\/comments?post=110"}],"version-history":[{"count":2,"href":"https:\/\/www.api-colomiers.com\/heleneboucher\/wp-json\/wp\/v2\/pages\/110\/revisions"}],"predecessor-version":[{"id":10124,"href":"https:\/\/www.api-colomiers.com\/heleneboucher\/wp-json\/wp\/v2\/pages\/110\/revisions\/10124"}],"wp:attachment":[{"href":"https:\/\/www.api-colomiers.com\/heleneboucher\/wp-json\/wp\/v2\/media?parent=110"}],"curies":[{"name":"wp","href":"https:\/\/api.w.org\/{rel}","templated":true}]}}