{"id":10463,"date":"2024-12-12T23:56:07","date_gmt":"2024-12-12T22:56:07","guid":{"rendered":"https:\/\/www.api-colomiers.com\/heleneboucher\/?page_id=10463"},"modified":"2024-12-12T23:59:11","modified_gmt":"2024-12-12T22:59:11","slug":"nous-rejoindre","status":"publish","type":"page","link":"https:\/\/www.api-colomiers.com\/heleneboucher\/nous-rejoindre\/","title":{"rendered":"Nous rejoindre"},"content":{"rendered":"\n<figure class=\"wp-block-image aligncenter size-full\"><a href=\"https:\/\/www.api-colomiers.com\/heleneboucher\/wp-content\/uploads\/2024\/12\/adhesion_API-2.png\"><img loading=\"lazy\" decoding=\"async\" width=\"300\" height=\"132\" src=\"https:\/\/www.api-colomiers.com\/heleneboucher\/wp-content\/uploads\/2024\/12\/adhesion_API-2.png\" alt=\"\" class=\"wp-image-10466\"\/><\/a><\/figure>\n\n\n\n<p>Vous souhaitez adh\u00e9rer \u00e0 notre association ? Vous trouverez toutes les informations n\u00e9cessaires dans cette page, que ce soit pour la maternelle ou pour l&rsquo;\u00e9l\u00e9mentaire.<\/p>\n\n\n\n<h2 class=\"wp-block-heading\">Adh\u00e9sion en ligne<\/h2>\n\n\n\n<p>Lors de votre entr\u00e9e dans l\u2019\u00e9quipe, un code vous sera communiqu\u00e9 pour finaliser votre inscription au sein de l\u2019association. Tous les \u00e9l\u00e9ments pour bien appr\u00e9hender votre r\u00f4le et tous les liens vous seront alors transmis pour que notre \u00e9quipe fonctionne au mieux.<\/p>\n\n\n\n<h2 class=\"wp-block-heading\">Adh\u00e9sion, Statuts &amp; r\u00e8glement int\u00e9rieur de l\u2019association<\/h2>\n\n\n\n<p>\ud83d\udd17<a href=\"http:\/\/api-colomiers.com\/api\/wp-content\/uploads\/2020\/09\/RI_API_Colomiers_2020.pdf\">R\u00e8glement int\u00e9rieur de l\u2019association API Colomiers<\/a><\/p>\n\n\n\n<p>\ud83d\udd17<a rel=\"noreferrer noopener\" href=\"http:\/\/api-colomiers.com\/api\/wp-content\/uploads\/2020\/09\/Status-API-2020.pdf\" target=\"_blank\">Statuts de l\u2019association API Colomiers<\/a><\/p>\n\n\n\n<p><\/p>\n","protected":false},"excerpt":{"rendered":"<p>Vous souhaitez adh\u00e9rer \u00e0 notre association ? Vous trouverez toutes les informations n\u00e9cessaires dans cette page, que ce soit pour la maternelle ou pour l&rsquo;\u00e9l\u00e9mentaire. Adh\u00e9sion en ligne Lors de votre entr\u00e9e dans l\u2019\u00e9quipe, un code vous sera communiqu\u00e9 pour<\/p>\n","protected":false},"author":33,"featured_media":10466,"parent":0,"menu_order":0,"comment_status":"closed","ping_status":"closed","template":"","meta":{"footnotes":""},"class_list":["post-10463","page","type-page","status-publish","has-post-thumbnail","hentry"],"_links":{"self":[{"href":"https:\/\/www.api-colomiers.com\/heleneboucher\/wp-json\/wp\/v2\/pages\/10463","targetHints":{"allow":["GET"]}}],"collection":[{"href":"https:\/\/www.api-colomiers.com\/heleneboucher\/wp-json\/wp\/v2\/pages"}],"about":[{"href":"https:\/\/www.api-colomiers.com\/heleneboucher\/wp-json\/wp\/v2\/types\/page"}],"author":[{"embeddable":true,"href":"https:\/\/www.api-colomiers.com\/heleneboucher\/wp-json\/wp\/v2\/users\/33"}],"replies":[{"embeddable":true,"href":"https:\/\/www.api-colomiers.com\/heleneboucher\/wp-json\/wp\/v2\/comments?post=10463"}],"version-history":[{"count":3,"href":"https:\/\/www.api-colomiers.com\/heleneboucher\/wp-json\/wp\/v2\/pages\/10463\/revisions"}],"predecessor-version":[{"id":10473,"href":"https:\/\/www.api-colomiers.com\/heleneboucher\/wp-json\/wp\/v2\/pages\/10463\/revisions\/10473"}],"wp:featuredmedia":[{"embeddable":true,"href":"https:\/\/www.api-colomiers.com\/heleneboucher\/wp-json\/wp\/v2\/media\/10466"}],"wp:attachment":[{"href":"https:\/\/www.api-colomiers.com\/heleneboucher\/wp-json\/wp\/v2\/media?parent=10463"}],"curies":[{"name":"wp","href":"https:\/\/api.w.org\/{rel}","templated":true}]}}